{"id":769,"date":"2024-07-04T19:03:50","date_gmt":"2024-07-04T19:03:50","guid":{"rendered":"https:\/\/chalmonttrading.co.uk\/product\/carragenina-en-polvo\/"},"modified":"2024-09-25T22:30:32","modified_gmt":"2024-09-25T22:30:32","slug":"carragenina-en-polvo","status":"publish","type":"product","link":"https:\/\/chalmonttrading.co.uk\/es\/product\/carragenina-en-polvo\/","title":{"rendered":"Carragenina en polvo"},"content":{"rendered":"<p>La carragenina en polvo es un polisac\u00e1rido natural derivado del alga carragenina, famosa por sus propiedades espesantes y estabilizadoras.<br \/>\nCon una consistencia gelatinosa, sirve como ingrediente valioso en diversas industrias para mejorar la textura y la estabilidad.<br \/>\nUtilizado como agente espesante natural en salsas, sopas, productos l\u00e1cteos y postres, el polvo de carragenina garantiza una textura y sensaci\u00f3n en boca \u00f3ptimas sin comprometer el sabor.<br \/>\nEn productos para el cuidado de la piel y de belleza, la carragenina en polvo act\u00faa como estabilizador, mejorando la consistencia del producto y la experiencia del usuario.<br \/>\nConforme a las normas farmac\u00e9uticas, la carragenina en polvo se aplica en f\u00f3rmulas medicinales, aportando viscosidad y estabilidad a suspensiones y emulsiones.    <\/p>\n","protected":false},"excerpt":{"rendered":"<p>La carragenina en polvo es un polisac\u00e1rido natural derivado del alga carragenina, famosa por sus propiedades espesantes y estabilizadoras. Con una consistencia gelatinosa, sirve como ingrediente valioso en diversas industrias para mejorar la textura y la estabilidad. Utilizado como agente espesante natural en salsas, sopas, productos l\u00e1cteos y postres, el polvo de carragenina garantiza una [&hellip;]<\/p>\n","protected":false},"featured_media":760,"comment_status":"open","ping_status":"closed","template":"","meta":{"_et_pb_use_builder":"","_et_pb_old_content":"","_et_gb_content_width":""},"product_brand":[],"product_cat":[34],"product_tag":[],"class_list":{"0":"post-769","1":"product","2":"type-product","3":"status-publish","4":"has-post-thumbnail","6":"product_cat-complementos-alimenticios","8":"first","9":"instock","10":"shipping-taxable","11":"product-type-simple"},"_links":{"self":[{"href":"https:\/\/chalmonttrading.co.uk\/es\/wp-json\/wp\/v2\/product\/769","targetHints":{"allow":["GET"]}}],"collection":[{"href":"https:\/\/chalmonttrading.co.uk\/es\/wp-json\/wp\/v2\/product"}],"about":[{"href":"https:\/\/chalmonttrading.co.uk\/es\/wp-json\/wp\/v2\/types\/product"}],"replies":[{"embeddable":true,"href":"https:\/\/chalmonttrading.co.uk\/es\/wp-json\/wp\/v2\/comments?post=769"}],"wp:featuredmedia":[{"embeddable":true,"href":"https:\/\/chalmonttrading.co.uk\/es\/wp-json\/wp\/v2\/media\/760"}],"wp:attachment":[{"href":"https:\/\/chalmonttrading.co.uk\/es\/wp-json\/wp\/v2\/media?parent=769"}],"wp:term":[{"taxonomy":"product_brand","embeddable":true,"href":"https:\/\/chalmonttrading.co.uk\/es\/wp-json\/wp\/v2\/product_brand?post=769"},{"taxonomy":"product_cat","embeddable":true,"href":"https:\/\/chalmonttrading.co.uk\/es\/wp-json\/wp\/v2\/product_cat?post=769"},{"taxonomy":"product_tag","embeddable":true,"href":"https:\/\/chalmonttrading.co.uk\/es\/wp-json\/wp\/v2\/product_tag?post=769"}],"curies":[{"name":"wp","href":"https:\/\/api.w.org\/{rel}","templated":true}]}}