{"id":770,"date":"2024-07-04T19:02:05","date_gmt":"2024-07-04T19:02:05","guid":{"rendered":"https:\/\/chalmonttrading.co.uk\/product\/citrato-sodico\/"},"modified":"2024-09-25T22:30:31","modified_gmt":"2024-09-25T22:30:31","slug":"citrato-sodico","status":"publish","type":"product","link":"https:\/\/chalmonttrading.co.uk\/es\/product\/citrato-sodico\/","title":{"rendered":"Citrato de sodio"},"content":{"rendered":"<p>El citrato de sodio es una sal s\u00f3dica del \u00e1cido c\u00edtrico, conocida por sus propiedades multifuncionales. Como aditivo alimentario, sirve como regulador de la acidez, emulsionante y conservante. En productos farmac\u00e9uticos, act\u00faa como agente tamp\u00f3n y estabilizador, mientras que en productos de cuidado personal, mejora la estabilidad y la textura. El citrato s\u00f3dico se aplica en productos cosm\u00e9ticos y de cuidado personal como regulador del pH, mejorando la estabilidad y la textura de cremas, lociones y geles.   <\/p>\n","protected":false},"excerpt":{"rendered":"<p>El citrato de sodio es una sal s\u00f3dica del \u00e1cido c\u00edtrico, conocida por sus propiedades multifuncionales. Como aditivo alimentario, sirve como regulador de la acidez, emulsionante y conservante. En productos farmac\u00e9uticos, act\u00faa como agente tamp\u00f3n y estabilizador, mientras que en productos de cuidado personal, mejora la estabilidad y la textura. El citrato s\u00f3dico se aplica [&hellip;]<\/p>\n","protected":false},"featured_media":762,"comment_status":"open","ping_status":"closed","template":"","meta":{"_et_pb_use_builder":"","_et_pb_old_content":"","_et_gb_content_width":""},"product_brand":[],"product_cat":[34],"product_tag":[],"class_list":{"0":"post-770","1":"product","2":"type-product","3":"status-publish","4":"has-post-thumbnail","6":"product_cat-complementos-alimenticios","8":"first","9":"instock","10":"shipping-taxable","11":"product-type-simple"},"_links":{"self":[{"href":"https:\/\/chalmonttrading.co.uk\/es\/wp-json\/wp\/v2\/product\/770","targetHints":{"allow":["GET"]}}],"collection":[{"href":"https:\/\/chalmonttrading.co.uk\/es\/wp-json\/wp\/v2\/product"}],"about":[{"href":"https:\/\/chalmonttrading.co.uk\/es\/wp-json\/wp\/v2\/types\/product"}],"replies":[{"embeddable":true,"href":"https:\/\/chalmonttrading.co.uk\/es\/wp-json\/wp\/v2\/comments?post=770"}],"wp:featuredmedia":[{"embeddable":true,"href":"https:\/\/chalmonttrading.co.uk\/es\/wp-json\/wp\/v2\/media\/762"}],"wp:attachment":[{"href":"https:\/\/chalmonttrading.co.uk\/es\/wp-json\/wp\/v2\/media?parent=770"}],"wp:term":[{"taxonomy":"product_brand","embeddable":true,"href":"https:\/\/chalmonttrading.co.uk\/es\/wp-json\/wp\/v2\/product_brand?post=770"},{"taxonomy":"product_cat","embeddable":true,"href":"https:\/\/chalmonttrading.co.uk\/es\/wp-json\/wp\/v2\/product_cat?post=770"},{"taxonomy":"product_tag","embeddable":true,"href":"https:\/\/chalmonttrading.co.uk\/es\/wp-json\/wp\/v2\/product_tag?post=770"}],"curies":[{"name":"wp","href":"https:\/\/api.w.org\/{rel}","templated":true}]}}