{"id":774,"date":"2024-07-04T19:16:22","date_gmt":"2024-07-04T19:16:22","guid":{"rendered":"https:\/\/chalmonttrading.co.uk\/product\/acido-citrico\/"},"modified":"2024-09-25T22:30:36","modified_gmt":"2024-09-25T22:30:36","slug":"acido-citrico","status":"publish","type":"product","link":"https:\/\/chalmonttrading.co.uk\/es\/product\/acido-citrico\/","title":{"rendered":"\u00c1cido c\u00edtrico"},"content":{"rendered":"<p>El \u00e1cido c\u00edtrico es un ingrediente com\u00fan conocido por sus diversas aplicaciones en la industria alimentaria. Procedente de proveedores reputados, nuestro \u00e1cido c\u00edtrico es una elecci\u00f3n fiable para diversas necesidades culinarias. Este \u00e1cido natural es apreciado por su perfil de sabor \u00e1cido, lo que lo convierte en una elecci\u00f3n popular para realzar el sabor de una amplia gama de alimentos y bebidas. Desde dar un toque \u00e1cido a refrescos y caramelos hasta servir como conservante natural en conservas y salsas, el \u00e1cido c\u00edtrico a\u00f1ade un toque refrescante a innumerables recetas. Es un agente eficaz para controlar los niveles de pH y prevenir la oxidaci\u00f3n, contribuyendo a la calidad y estabilidad generales de las f\u00f3rmulas alimentarias. Tanto si eres un chef experimentado, un fabricante de alimentos o un productor de bebidas, el \u00e1cido c\u00edtrico ofrece infinitas posibilidades de innovaci\u00f3n en tus creaciones culinarias.     <\/p>\n","protected":false},"excerpt":{"rendered":"<p>El \u00e1cido c\u00edtrico es un ingrediente com\u00fan conocido por sus diversas aplicaciones en la industria alimentaria. Procedente de proveedores reputados, nuestro \u00e1cido c\u00edtrico es una elecci\u00f3n fiable para diversas necesidades culinarias. Este \u00e1cido natural es apreciado por su perfil de sabor \u00e1cido, lo que lo convierte en una elecci\u00f3n popular para realzar el sabor de [&hellip;]<\/p>\n","protected":false},"featured_media":765,"comment_status":"open","ping_status":"closed","template":"","meta":{"_et_pb_use_builder":"","_et_pb_old_content":"","_et_gb_content_width":""},"product_brand":[],"product_cat":[34],"product_tag":[],"class_list":{"0":"post-774","1":"product","2":"type-product","3":"status-publish","4":"has-post-thumbnail","6":"product_cat-complementos-alimenticios","8":"first","9":"instock","10":"shipping-taxable","11":"product-type-simple"},"_links":{"self":[{"href":"https:\/\/chalmonttrading.co.uk\/es\/wp-json\/wp\/v2\/product\/774","targetHints":{"allow":["GET"]}}],"collection":[{"href":"https:\/\/chalmonttrading.co.uk\/es\/wp-json\/wp\/v2\/product"}],"about":[{"href":"https:\/\/chalmonttrading.co.uk\/es\/wp-json\/wp\/v2\/types\/product"}],"replies":[{"embeddable":true,"href":"https:\/\/chalmonttrading.co.uk\/es\/wp-json\/wp\/v2\/comments?post=774"}],"wp:featuredmedia":[{"embeddable":true,"href":"https:\/\/chalmonttrading.co.uk\/es\/wp-json\/wp\/v2\/media\/765"}],"wp:attachment":[{"href":"https:\/\/chalmonttrading.co.uk\/es\/wp-json\/wp\/v2\/media?parent=774"}],"wp:term":[{"taxonomy":"product_brand","embeddable":true,"href":"https:\/\/chalmonttrading.co.uk\/es\/wp-json\/wp\/v2\/product_brand?post=774"},{"taxonomy":"product_cat","embeddable":true,"href":"https:\/\/chalmonttrading.co.uk\/es\/wp-json\/wp\/v2\/product_cat?post=774"},{"taxonomy":"product_tag","embeddable":true,"href":"https:\/\/chalmonttrading.co.uk\/es\/wp-json\/wp\/v2\/product_tag?post=774"}],"curies":[{"name":"wp","href":"https:\/\/api.w.org\/{rel}","templated":true}]}}