{"id":775,"date":"2024-04-17T21:10:22","date_gmt":"2024-04-17T21:10:22","guid":{"rendered":"https:\/\/chalmonttrading.co.uk\/product\/golosinas\/"},"modified":"2024-09-25T22:30:33","modified_gmt":"2024-09-25T22:30:33","slug":"golosinas","status":"publish","type":"product","link":"https:\/\/chalmonttrading.co.uk\/es\/product\/golosinas\/","title":{"rendered":"Golosinas para mascotas"},"content":{"rendered":"<p>Ofrecemos una variedad de golosinas adaptadas a las diversas necesidades de mascotas de todas las edades y requisitos diet\u00e9ticos. Desde premios de adiestramiento hasta delicias nutritivas, nuestra gama abarca una amplia selecci\u00f3n de sabores y texturas para satisfacer todos los paladares. Adem\u00e1s de nuestras propias golosinas de marca, te ofrecemos la oportunidad de crear tus propias golosinas de marca blanca. Tanto si buscas ingredientes espec\u00edficos como tama\u00f1os de envase para distribuci\u00f3n al por mayor, estamos aqu\u00ed para satisfacer tus necesidades. Nuestro equipo especializado se asegura de que cada golosina se elabore con el m\u00e1ximo cuidado y atenci\u00f3n al detalle, garantizando una experiencia deliciosa y nutritiva para las queridas mascotas de tus clientes.    <\/p>\n","protected":false},"excerpt":{"rendered":"<p>Ofrecemos una variedad de golosinas adaptadas a las diversas necesidades de mascotas de todas las edades y requisitos diet\u00e9ticos. Desde premios de adiestramiento hasta delicias nutritivas, nuestra gama abarca una amplia selecci\u00f3n de sabores y texturas para satisfacer todos los paladares. Adem\u00e1s de nuestras propias golosinas de marca, te ofrecemos la oportunidad de crear tus [&hellip;]<\/p>\n","protected":false},"featured_media":752,"comment_status":"open","ping_status":"closed","template":"","meta":{"_et_pb_use_builder":"","_et_pb_old_content":"","_et_gb_content_width":""},"product_brand":[],"product_cat":[37],"product_tag":[],"class_list":{"0":"post-775","1":"product","2":"type-product","3":"status-publish","4":"has-post-thumbnail","6":"product_cat-mascotas","8":"first","9":"instock","10":"shipping-taxable","11":"product-type-simple"},"_links":{"self":[{"href":"https:\/\/chalmonttrading.co.uk\/es\/wp-json\/wp\/v2\/product\/775","targetHints":{"allow":["GET"]}}],"collection":[{"href":"https:\/\/chalmonttrading.co.uk\/es\/wp-json\/wp\/v2\/product"}],"about":[{"href":"https:\/\/chalmonttrading.co.uk\/es\/wp-json\/wp\/v2\/types\/product"}],"replies":[{"embeddable":true,"href":"https:\/\/chalmonttrading.co.uk\/es\/wp-json\/wp\/v2\/comments?post=775"}],"wp:featuredmedia":[{"embeddable":true,"href":"https:\/\/chalmonttrading.co.uk\/es\/wp-json\/wp\/v2\/media\/752"}],"wp:attachment":[{"href":"https:\/\/chalmonttrading.co.uk\/es\/wp-json\/wp\/v2\/media?parent=775"}],"wp:term":[{"taxonomy":"product_brand","embeddable":true,"href":"https:\/\/chalmonttrading.co.uk\/es\/wp-json\/wp\/v2\/product_brand?post=775"},{"taxonomy":"product_cat","embeddable":true,"href":"https:\/\/chalmonttrading.co.uk\/es\/wp-json\/wp\/v2\/product_cat?post=775"},{"taxonomy":"product_tag","embeddable":true,"href":"https:\/\/chalmonttrading.co.uk\/es\/wp-json\/wp\/v2\/product_tag?post=775"}],"curies":[{"name":"wp","href":"https:\/\/api.w.org\/{rel}","templated":true}]}}