{"id":776,"date":"2024-07-04T18:58:50","date_gmt":"2024-07-04T18:58:50","guid":{"rendered":"https:\/\/chalmonttrading.co.uk\/product\/alfa-tocoferol-aceite-de-vitamina-e\/"},"modified":"2024-09-25T22:30:30","modified_gmt":"2024-09-25T22:30:30","slug":"alfa-tocoferol-aceite-de-vitamina-e","status":"publish","type":"product","link":"https:\/\/chalmonttrading.co.uk\/es\/product\/alfa-tocoferol-aceite-de-vitamina-e\/","title":{"rendered":"Alfa-tocoferol (aceite de Vitamina E)"},"content":{"rendered":"<p>Entre nuestras ofertas destaca el Alfa-tocoferol, una potente forma de vitamina E conocida por sus propiedades antioxidantes y sus innumerables beneficios para la salud. El alfa-tocoferol, derivado de fuentes fiables, garantiza que tus productos est\u00e9n enriquecidos con el nutriente de mayor calidad. Como potente antioxidante, ayuda a neutralizar los radicales libres, protegiendo as\u00ed las c\u00e9lulas del da\u00f1o oxidativo y fomentando la salud y el bienestar general. Incorporar alfa-tocoferol a tus f\u00f3rmulas eleva tus productos a un nuevo nivel de excelencia nutricional. Tanto si fabricas suplementos como productos para el cuidado de la piel o alimentos funcionales, el alfa-tocoferol ofrece un argumento de venta convincente que resuena entre los consumidores preocupados por la salud.    <\/p>\n","protected":false},"excerpt":{"rendered":"<p>Entre nuestras ofertas destaca el Alfa-tocoferol, una potente forma de vitamina E conocida por sus propiedades antioxidantes y sus innumerables beneficios para la salud. El alfa-tocoferol, derivado de fuentes fiables, garantiza que tus productos est\u00e9n enriquecidos con el nutriente de mayor calidad. Como potente antioxidante, ayuda a neutralizar los radicales libres, protegiendo as\u00ed las c\u00e9lulas [&hellip;]<\/p>\n","protected":false},"featured_media":757,"comment_status":"open","ping_status":"closed","template":"","meta":{"_et_pb_use_builder":"","_et_pb_old_content":"","_et_gb_content_width":""},"product_brand":[],"product_cat":[34],"product_tag":[],"class_list":{"0":"post-776","1":"product","2":"type-product","3":"status-publish","4":"has-post-thumbnail","6":"product_cat-complementos-alimenticios","8":"first","9":"instock","10":"shipping-taxable","11":"product-type-simple"},"_links":{"self":[{"href":"https:\/\/chalmonttrading.co.uk\/es\/wp-json\/wp\/v2\/product\/776","targetHints":{"allow":["GET"]}}],"collection":[{"href":"https:\/\/chalmonttrading.co.uk\/es\/wp-json\/wp\/v2\/product"}],"about":[{"href":"https:\/\/chalmonttrading.co.uk\/es\/wp-json\/wp\/v2\/types\/product"}],"replies":[{"embeddable":true,"href":"https:\/\/chalmonttrading.co.uk\/es\/wp-json\/wp\/v2\/comments?post=776"}],"wp:featuredmedia":[{"embeddable":true,"href":"https:\/\/chalmonttrading.co.uk\/es\/wp-json\/wp\/v2\/media\/757"}],"wp:attachment":[{"href":"https:\/\/chalmonttrading.co.uk\/es\/wp-json\/wp\/v2\/media?parent=776"}],"wp:term":[{"taxonomy":"product_brand","embeddable":true,"href":"https:\/\/chalmonttrading.co.uk\/es\/wp-json\/wp\/v2\/product_brand?post=776"},{"taxonomy":"product_cat","embeddable":true,"href":"https:\/\/chalmonttrading.co.uk\/es\/wp-json\/wp\/v2\/product_cat?post=776"},{"taxonomy":"product_tag","embeddable":true,"href":"https:\/\/chalmonttrading.co.uk\/es\/wp-json\/wp\/v2\/product_tag?post=776"}],"curies":[{"name":"wp","href":"https:\/\/api.w.org\/{rel}","templated":true}]}}