{"id":777,"date":"2024-07-04T19:00:41","date_gmt":"2024-07-04T19:00:41","guid":{"rendered":"https:\/\/chalmonttrading.co.uk\/product\/acesulfamo-k\/"},"modified":"2024-09-25T22:30:30","modified_gmt":"2024-09-25T22:30:30","slug":"acesulfamo-k","status":"publish","type":"product","link":"https:\/\/chalmonttrading.co.uk\/es\/product\/acesulfamo-k\/","title":{"rendered":"Acesulfamo K"},"content":{"rendered":"<p>El acesulfamo de potasio es un popular sustituto del az\u00facar conocido por su intenso dulzor y versatilidad.<br \/>\nNuestro acesulfamo de potasio procede de fabricantes reputados que garantizan altos niveles de calidad y seguridad.<br \/>\nProporciona dulzor sin calor\u00edas, lo que lo convierte en una opci\u00f3n excelente para crear productos bajos en az\u00facar.<br \/>\nEl acesulfamo de potasio es estable en diversas condiciones, por lo que es adecuado para su uso en diversos productos alimenticios y bebidas.<br \/>\nEs rentable, ya que s\u00f3lo se necesita una peque\u00f1a cantidad para conseguir el nivel de dulzor deseado.    <\/p>\n","protected":false},"excerpt":{"rendered":"<p>El acesulfamo de potasio es un popular sustituto del az\u00facar conocido por su intenso dulzor y versatilidad. Nuestro acesulfamo de potasio procede de fabricantes reputados que garantizan altos niveles de calidad y seguridad. Proporciona dulzor sin calor\u00edas, lo que lo convierte en una opci\u00f3n excelente para crear productos bajos en az\u00facar. El acesulfamo de potasio [&hellip;]<\/p>\n","protected":false},"featured_media":758,"comment_status":"open","ping_status":"closed","template":"","meta":{"_et_pb_use_builder":"","_et_pb_old_content":"","_et_gb_content_width":""},"product_brand":[],"product_cat":[34],"product_tag":[],"class_list":{"0":"post-777","1":"product","2":"type-product","3":"status-publish","4":"has-post-thumbnail","6":"product_cat-complementos-alimenticios","8":"first","9":"instock","10":"shipping-taxable","11":"product-type-simple"},"_links":{"self":[{"href":"https:\/\/chalmonttrading.co.uk\/es\/wp-json\/wp\/v2\/product\/777","targetHints":{"allow":["GET"]}}],"collection":[{"href":"https:\/\/chalmonttrading.co.uk\/es\/wp-json\/wp\/v2\/product"}],"about":[{"href":"https:\/\/chalmonttrading.co.uk\/es\/wp-json\/wp\/v2\/types\/product"}],"replies":[{"embeddable":true,"href":"https:\/\/chalmonttrading.co.uk\/es\/wp-json\/wp\/v2\/comments?post=777"}],"wp:featuredmedia":[{"embeddable":true,"href":"https:\/\/chalmonttrading.co.uk\/es\/wp-json\/wp\/v2\/media\/758"}],"wp:attachment":[{"href":"https:\/\/chalmonttrading.co.uk\/es\/wp-json\/wp\/v2\/media?parent=777"}],"wp:term":[{"taxonomy":"product_brand","embeddable":true,"href":"https:\/\/chalmonttrading.co.uk\/es\/wp-json\/wp\/v2\/product_brand?post=777"},{"taxonomy":"product_cat","embeddable":true,"href":"https:\/\/chalmonttrading.co.uk\/es\/wp-json\/wp\/v2\/product_cat?post=777"},{"taxonomy":"product_tag","embeddable":true,"href":"https:\/\/chalmonttrading.co.uk\/es\/wp-json\/wp\/v2\/product_tag?post=777"}],"curies":[{"name":"wp","href":"https:\/\/api.w.org\/{rel}","templated":true}]}}