{"id":859,"date":"2024-07-04T19:25:55","date_gmt":"2024-07-04T19:25:55","guid":{"rendered":"https:\/\/chalmonttrading.co.uk\/product\/cianocobalamina\/"},"modified":"2024-09-26T00:22:48","modified_gmt":"2024-09-26T00:22:48","slug":"cianocobalamina","status":"publish","type":"product","link":"https:\/\/chalmonttrading.co.uk\/es\/product\/cianocobalamina\/","title":{"rendered":"Cianocobalamina"},"content":{"rendered":"<p>La cianocobalamina, una forma de vitamina B12, es un nutriente vital que desempe\u00f1a un papel crucial en el mantenimiento de los niveles de energ\u00eda, el apoyo a la funci\u00f3n neurol\u00f3gica y la promoci\u00f3n de la salud general. Nuestra cianocobalamina proviene de proveedores confiables, lo que garantiza pureza y potencia en cada lote.<\/p>\n<p>Como componente clave en muchos suplementos diet\u00e9ticos y alimentos fortificados, la cianocobalamina ofrece una gran cantidad de beneficios para la salud. Desde aumentar los niveles de energ\u00eda y mejorar la funci\u00f3n cognitiva hasta apoyar la formaci\u00f3n de gl\u00f3bulos rojos y el metabolismo, su importancia no se puede exagerar.<\/p>\n<p>Al incorporar cianocobalamina en las formulaciones de tus productos, no solo satisface la creciente demanda de ofertas conscientes de la salud, sino que tambi\u00e9n brinda a los consumidores una soluci\u00f3n tangible para tus necesidades nutricionales. Ya sea que fabriques suplementos vitam\u00ednicos, barras energ\u00e9ticas o bebidas funcionales, la cianocobalamina agrega un valioso punto de venta a tus productos.<\/p>\n","protected":false},"excerpt":{"rendered":"<p>La cianocobalamina, una forma de vitamina B12, es un nutriente vital que desempe\u00f1a un papel crucial en el mantenimiento de los niveles de energ\u00eda, el apoyo a la funci\u00f3n neurol\u00f3gica y la promoci\u00f3n de la salud general. Nuestra cianocobalamina proviene de proveedores confiables, lo que garantiza pureza y potencia en cada lote. Como componente clave [&hellip;]<\/p>\n","protected":false},"featured_media":766,"comment_status":"open","ping_status":"closed","template":"","meta":{"_et_pb_use_builder":"","_et_pb_old_content":"","_et_gb_content_width":""},"product_brand":[],"product_cat":[34],"product_tag":[],"class_list":{"0":"post-859","1":"product","2":"type-product","3":"status-publish","4":"has-post-thumbnail","6":"product_cat-complementos-alimenticios","8":"first","9":"instock","10":"shipping-taxable","11":"product-type-simple"},"_links":{"self":[{"href":"https:\/\/chalmonttrading.co.uk\/es\/wp-json\/wp\/v2\/product\/859","targetHints":{"allow":["GET"]}}],"collection":[{"href":"https:\/\/chalmonttrading.co.uk\/es\/wp-json\/wp\/v2\/product"}],"about":[{"href":"https:\/\/chalmonttrading.co.uk\/es\/wp-json\/wp\/v2\/types\/product"}],"replies":[{"embeddable":true,"href":"https:\/\/chalmonttrading.co.uk\/es\/wp-json\/wp\/v2\/comments?post=859"}],"wp:featuredmedia":[{"embeddable":true,"href":"https:\/\/chalmonttrading.co.uk\/es\/wp-json\/wp\/v2\/media\/766"}],"wp:attachment":[{"href":"https:\/\/chalmonttrading.co.uk\/es\/wp-json\/wp\/v2\/media?parent=859"}],"wp:term":[{"taxonomy":"product_brand","embeddable":true,"href":"https:\/\/chalmonttrading.co.uk\/es\/wp-json\/wp\/v2\/product_brand?post=859"},{"taxonomy":"product_cat","embeddable":true,"href":"https:\/\/chalmonttrading.co.uk\/es\/wp-json\/wp\/v2\/product_cat?post=859"},{"taxonomy":"product_tag","embeddable":true,"href":"https:\/\/chalmonttrading.co.uk\/es\/wp-json\/wp\/v2\/product_tag?post=859"}],"curies":[{"name":"wp","href":"https:\/\/api.w.org\/{rel}","templated":true}]}}