{"id":867,"date":"2024-04-17T21:02:39","date_gmt":"2024-04-17T21:02:39","guid":{"rendered":"https:\/\/chalmonttrading.co.uk\/product\/alimento-seco-para-perros-y-gatos\/"},"modified":"2024-04-17T21:02:39","modified_gmt":"2024-04-17T21:02:39","slug":"alimento-seco-para-perros-y-gatos","status":"publish","type":"product","link":"https:\/\/chalmonttrading.co.uk\/es\/product\/alimento-seco-para-perros-y-gatos\/","title":{"rendered":"Alimento seco para perros y gatos"},"content":{"rendered":"<p>Entendemos que cada mascota es \u00fanica, con necesidades diet\u00e9ticas distintas seg\u00fan su edad, tama\u00f1o y requisitos espec\u00edficos. Es por eso que estamos orgullosos de ofrecer una amplia gama de opciones de alimentos secos dise\u00f1ados para satisfacer las demandas nutricionales de las mascotas en cada etapa de la vida. Nuestra amplia selecci\u00f3n incluye f\u00f3rmulas dise\u00f1adas para gatitos y cachorros, as\u00ed como opciones adaptadas a mascotas adultas y mayores. Ya sea que tu amigo peludo requiera una nutrici\u00f3n especializada para el control de peso, el apoyo de las articulaciones o est\u00f3magos sensibles, tenemos una soluci\u00f3n que se adapta a sus necesidades. En nuestra f\u00e1brica, priorizamos la flexibilidad y la personalizaci\u00f3n. Adem\u00e1s de nuestros propios productos de marca, te ofrecemos la oportunidad de crear tu propio alimento seco de marca privada. Elige los ingredientes, las f\u00f3rmulas y los tama\u00f1os de los envases que se alineen con la visi\u00f3n de tu marca y los requisitos de venta al por mayor. Nuestro experimentado equipo est\u00e1 dedicado a trabajar en estrecha colaboraci\u00f3n contigo para garantizar que cada lote cumpla con tus especificaciones y mantenga los m\u00e1s altos est\u00e1ndares de calidad y consistencia. Cada bolsa de alimento seco que sale de nuestra f\u00e1brica se elabora con cuidado y experiencia. Explora hoy nuestra gama de productos y opciones de venta al por mayor y proporcione a tus clientes alimentos secos nutritivos y deliciosos para sus queridas mascotas.         <\/p>\n","protected":false},"excerpt":{"rendered":"<p>Entendemos que cada mascota es \u00fanica, con necesidades diet\u00e9ticas distintas seg\u00fan su edad, tama\u00f1o y requisitos espec\u00edficos. Es por eso que estamos orgullosos de ofrecer una amplia gama de opciones de alimentos secos dise\u00f1ados para satisfacer las demandas nutricionales de las mascotas en cada etapa de la vida. Nuestra amplia selecci\u00f3n incluye f\u00f3rmulas dise\u00f1adas para [&hellip;]<\/p>\n","protected":false},"featured_media":754,"comment_status":"open","ping_status":"closed","template":"","meta":{"_et_pb_use_builder":"","_et_pb_old_content":"","_et_gb_content_width":""},"product_brand":[],"product_cat":[37],"product_tag":[],"class_list":{"0":"post-867","1":"product","2":"type-product","3":"status-publish","4":"has-post-thumbnail","6":"product_cat-mascotas","8":"first","9":"instock","10":"shipping-taxable","11":"product-type-simple"},"_links":{"self":[{"href":"https:\/\/chalmonttrading.co.uk\/es\/wp-json\/wp\/v2\/product\/867","targetHints":{"allow":["GET"]}}],"collection":[{"href":"https:\/\/chalmonttrading.co.uk\/es\/wp-json\/wp\/v2\/product"}],"about":[{"href":"https:\/\/chalmonttrading.co.uk\/es\/wp-json\/wp\/v2\/types\/product"}],"replies":[{"embeddable":true,"href":"https:\/\/chalmonttrading.co.uk\/es\/wp-json\/wp\/v2\/comments?post=867"}],"wp:featuredmedia":[{"embeddable":true,"href":"https:\/\/chalmonttrading.co.uk\/es\/wp-json\/wp\/v2\/media\/754"}],"wp:attachment":[{"href":"https:\/\/chalmonttrading.co.uk\/es\/wp-json\/wp\/v2\/media?parent=867"}],"wp:term":[{"taxonomy":"product_brand","embeddable":true,"href":"https:\/\/chalmonttrading.co.uk\/es\/wp-json\/wp\/v2\/product_brand?post=867"},{"taxonomy":"product_cat","embeddable":true,"href":"https:\/\/chalmonttrading.co.uk\/es\/wp-json\/wp\/v2\/product_cat?post=867"},{"taxonomy":"product_tag","embeddable":true,"href":"https:\/\/chalmonttrading.co.uk\/es\/wp-json\/wp\/v2\/product_tag?post=867"}],"curies":[{"name":"wp","href":"https:\/\/api.w.org\/{rel}","templated":true}]}}