{"id":868,"date":"2024-04-17T21:01:47","date_gmt":"2024-04-17T21:01:47","guid":{"rendered":"https:\/\/chalmonttrading.co.uk\/product\/comida-humeda-para-perros-y-gatos\/"},"modified":"2024-04-17T21:01:47","modified_gmt":"2024-04-17T21:01:47","slug":"comida-humeda-para-perros-y-gatos","status":"publish","type":"product","link":"https:\/\/chalmonttrading.co.uk\/es\/product\/comida-humeda-para-perros-y-gatos\/","title":{"rendered":"Comida h\u00fameda para perros y gatos"},"content":{"rendered":"<p>Aqu\u00ed ofrecemos una amplia variedad de opciones de comida h\u00fameda disponibles en pr\u00e1cticos sobres y latas duraderas, lo que garantiza que la hora de la comida sea siempre una experiencia agradable para tus compa\u00f1eros peludos. Nuestra selecci\u00f3n de comida h\u00fameda de primera calidad est\u00e1 cuidadosamente elaborada para satisfacer los gustos m\u00e1s exigentes de las mascotas. Ya sea que tu amigo de cuatro patas prefiera los sabores suculentos de la carne, las aves o el pescado, tenemos una variedad de recetas para brindar nutrientes esenciales para su bienestar. Adem\u00e1s de nuestra gama de productos, ofrecemos la opci\u00f3n de personalizar tu propia marca de comida h\u00fameda, adaptada espec\u00edficamente a los requisitos diet\u00e9ticos. Nuestro equipo est\u00e1 dedicado a trabajar en estrecha colaboraci\u00f3n contigo para darle vida a tu visi\u00f3n. Con nuestro compromiso con la calidad y la satisfacci\u00f3n de tu mascota a la vanguardia, puede confiar en que cada hora de la comida ser\u00e1 un momento de alegr\u00eda y nutrici\u00f3n.      <\/p>\n","protected":false},"excerpt":{"rendered":"<p>Aqu\u00ed ofrecemos una amplia variedad de opciones de comida h\u00fameda disponibles en pr\u00e1cticos sobres y latas duraderas, lo que garantiza que la hora de la comida sea siempre una experiencia agradable para tus compa\u00f1eros peludos. Nuestra selecci\u00f3n de comida h\u00fameda de primera calidad est\u00e1 cuidadosamente elaborada para satisfacer los gustos m\u00e1s exigentes de las mascotas. [&hellip;]<\/p>\n","protected":false},"featured_media":753,"comment_status":"open","ping_status":"closed","template":"","meta":{"_et_pb_use_builder":"","_et_pb_old_content":"","_et_gb_content_width":""},"product_brand":[],"product_cat":[37],"product_tag":[],"class_list":{"0":"post-868","1":"product","2":"type-product","3":"status-publish","4":"has-post-thumbnail","6":"product_cat-mascotas","8":"first","9":"instock","10":"shipping-taxable","11":"product-type-simple"},"_links":{"self":[{"href":"https:\/\/chalmonttrading.co.uk\/es\/wp-json\/wp\/v2\/product\/868","targetHints":{"allow":["GET"]}}],"collection":[{"href":"https:\/\/chalmonttrading.co.uk\/es\/wp-json\/wp\/v2\/product"}],"about":[{"href":"https:\/\/chalmonttrading.co.uk\/es\/wp-json\/wp\/v2\/types\/product"}],"replies":[{"embeddable":true,"href":"https:\/\/chalmonttrading.co.uk\/es\/wp-json\/wp\/v2\/comments?post=868"}],"wp:featuredmedia":[{"embeddable":true,"href":"https:\/\/chalmonttrading.co.uk\/es\/wp-json\/wp\/v2\/media\/753"}],"wp:attachment":[{"href":"https:\/\/chalmonttrading.co.uk\/es\/wp-json\/wp\/v2\/media?parent=868"}],"wp:term":[{"taxonomy":"product_brand","embeddable":true,"href":"https:\/\/chalmonttrading.co.uk\/es\/wp-json\/wp\/v2\/product_brand?post=868"},{"taxonomy":"product_cat","embeddable":true,"href":"https:\/\/chalmonttrading.co.uk\/es\/wp-json\/wp\/v2\/product_cat?post=868"},{"taxonomy":"product_tag","embeddable":true,"href":"https:\/\/chalmonttrading.co.uk\/es\/wp-json\/wp\/v2\/product_tag?post=868"}],"curies":[{"name":"wp","href":"https:\/\/api.w.org\/{rel}","templated":true}]}}